{"id":13,"date":"2014-12-16T19:58:44","date_gmt":"2014-12-16T17:58:44","guid":{"rendered":"http:\/\/iuriecojocaru.com\/?page_id=13"},"modified":"2025-03-13T11:07:00","modified_gmt":"2025-03-13T09:07:00","slug":"contact","status":"publish","type":"page","link":"https:\/\/iuriecojocaru.com\/artist\/contact\/","title":{"rendered":"CONTACT"},"content":{"rendered":"\t\t<div data-elementor-type=\"wp-page\" data-elementor-id=\"13\" class=\"elementor elementor-13\">\n\t\t\t\t\t\t<section class=\"elementor-section elementor-top-section elementor-element elementor-element-105f352 elementor-section-boxed elementor-section-height-default elementor-section-height-default\" data-id=\"105f352\" data-element_type=\"section\">\n\t\t\t\t\t\t<div class=\"elementor-container elementor-column-gap-wide\">\n\t\t\t\t\t<div class=\"elementor-column elementor-col-50 elementor-top-column elementor-element elementor-element-5d4bc05\" data-id=\"5d4bc05\" data-element_type=\"column\">\n\t\t\t<div class=\"elementor-widget-wrap elementor-element-populated\">\n\t\t\t\t\t\t<div class=\"elementor-element elementor-element-94852fd elementor-widget elementor-widget-image\" data-id=\"94852fd\" data-element_type=\"widget\" data-widget_type=\"image.default\">\n\t\t\t\t<div class=\"elementor-widget-container\">\n\t\t\t\t\t\t\t\t\t\t\t\t<figure class=\"wp-caption\">\n\t\t\t\t\t\t\t\t\t\t\t<a href=\"https:\/\/iuriecojocaru.com\/artist\/wp-content\/uploads\/2025\/03\/iuriecojocaru-artist-plastic-atelier.webp\" data-elementor-open-lightbox=\"yes\" data-elementor-lightbox-title=\"iuriecojocaru-artist-plastic-atelier\" data-elementor-lightbox-description=\"atelier artist plastic\" data-e-action-hash=\"#elementor-action%3Aaction%3Dlightbox%26settings%3DeyJpZCI6MzA2NywidXJsIjoiaHR0cHM6XC9cL2l1cmllY29qb2NhcnUuY29tXC9hcnRpc3RcL3dwLWNvbnRlbnRcL3VwbG9hZHNcLzIwMjVcLzAzXC9pdXJpZWNvam9jYXJ1LWFydGlzdC1wbGFzdGljLWF0ZWxpZXIud2VicCJ9\">\n\t\t\t\t\t\t\t<img fetchpriority=\"high\" decoding=\"async\" width=\"768\" height=\"512\" src=\"https:\/\/iuriecojocaru.com\/artist\/wp-content\/uploads\/2025\/03\/iuriecojocaru-artist-plastic-atelier-768x512.webp\" class=\"attachment-medium_large size-medium_large wp-image-3067\" alt=\"\" srcset=\"https:\/\/iuriecojocaru.com\/artist\/wp-content\/uploads\/2025\/03\/iuriecojocaru-artist-plastic-atelier-768x512.webp 768w, https:\/\/iuriecojocaru.com\/artist\/wp-content\/uploads\/2025\/03\/iuriecojocaru-artist-plastic-atelier-300x200.webp 300w, https:\/\/iuriecojocaru.com\/artist\/wp-content\/uploads\/2025\/03\/iuriecojocaru-artist-plastic-atelier-800x533.webp 800w, https:\/\/iuriecojocaru.com\/artist\/wp-content\/uploads\/2025\/03\/iuriecojocaru-artist-plastic-atelier-1536x1024.webp 1536w, https:\/\/iuriecojocaru.com\/artist\/wp-content\/uploads\/2025\/03\/iuriecojocaru-artist-plastic-atelier.webp 1920w\" sizes=\"(max-width: 768px) 100vw, 768px\" \/>\t\t\t\t\t\t\t\t<\/a>\n\t\t\t\t\t\t\t\t\t\t\t<figcaption class=\"widget-image-caption wp-caption-text\">Iurie Cojocaru - atelier<\/figcaption>\n\t\t\t\t\t\t\t\t\t\t<\/figure>\n\t\t\t\t\t\t\t\t\t<\/div>\n\t\t\t\t<\/div>\n\t\t\t\t<div class=\"elementor-element elementor-element-8501e19 elementor-drop-cap-yes elementor-drop-cap-view-default elementor-widget elementor-widget-text-editor\" data-id=\"8501e19\" data-element_type=\"widget\" data-settings=\"{&quot;drop_cap&quot;:&quot;yes&quot;}\" data-widget_type=\"text-editor.default\">\n\t\t\t\t<div class=\"elementor-widget-container\">\n\t\t\t\t\t\t\t\t\t<p><span style=\"color: #808080;\"><em>&#8220;Pictura nu este doar o profesie, ci o c\u0103l\u0103torie spiritual\u0103, o form\u0103 de terapie care m\u0103 poart\u0103 <\/em><em>spre ceva mai \u00eenalt, ca \u0219i cum a\u0219 avea mereu un picior \u00een rai. Atelierul devine un sanctuar <\/em><em>\u00een care culorile, formele \u0219i sunetele se \u00eempletesc \u00eentr-un dialog t\u0103cut cu divinitatea. <\/em><\/span><\/p><p><span style=\"color: #808080;\"><em>Muzica <\/em><\/span><span style=\"color: #808080;\"><em>este firul invizibil care leag\u0103 toate aceste tr\u0103iri \u2013 fiecare culoare are un sunet, fiecare tu\u0219\u0103 <\/em><em>vibreaz\u0103 ca o not\u0103 muzical\u0103. Uneori, ascult Stravinsky, Bach sau Beethoven \u0219i simt cum <\/em><em>ritmul \u0219i armonia lor se transform\u0103 \u00een gesturi picturale, \u00een pulsa\u021bia luminii \u0219i umbrei.<\/em><\/span><\/p><p><span style=\"color: #808080;\"><em>Culorile sunt pentru mine mai mult dec\u00e2t simple nuan\u021be \u2013 ele sunt daruri, mesaje venite <\/em><em>de Sus, \u00eentinse ca o mas\u0103 \u00eembel\u0219ugat\u0103 din care m\u0103 hr\u0103nesc vizual \u0219i spiritual. Chiar \u0219i <\/em><em>atunci c\u00e2nd lucrurile nu ies a\u0219a cum le visez, \u0219tiu c\u0103 fiecare \u00eencercare face parte dintr-un <\/em><em>proces mai mare, o c\u0103utare continu\u0103 a frumuse\u021bii \u0219i a adev\u0103rului&#8221;<\/em><\/span><\/p><div style=\"text-align: right;\"><strong>Iurie Cojocaru<\/strong><\/div>\t\t\t\t\t\t\t\t<\/div>\n\t\t\t\t<\/div>\n\t\t\t\t\t<\/div>\n\t\t<\/div>\n\t\t\t\t<div class=\"elementor-column elementor-col-50 elementor-top-column elementor-element elementor-element-7e4c1fd5\" data-id=\"7e4c1fd5\" data-element_type=\"column\" data-settings=\"{&quot;background_background&quot;:&quot;classic&quot;}\">\n\t\t\t<div class=\"elementor-widget-wrap elementor-element-populated\">\n\t\t\t\t\t<div class=\"elementor-background-overlay\"><\/div>\n\t\t\t\t\t\t<div class=\"elementor-element elementor-element-4a728e8f elementor-widget elementor-widget-text-editor\" data-id=\"4a728e8f\" data-element_type=\"widget\" data-widget_type=\"text-editor.default\">\n\t\t\t\t<div class=\"elementor-widget-container\">\n\t\t\t\t\t\t\t\t\t<p><strong>Adresa:<br \/><\/strong>Strada Principal\u0103 85A<br \/>407236 S\u0103licea\u00a0 Cluj Romania<br style=\"color: #5c5c5c;\" \/><strong><span style=\"color: #5c5c5c;\">Email:\u00a0<\/span><\/strong><span style=\"color: #5c5c5c; text-decoration: underline;\"><a style=\"color: #0088cc;\" href=\"mailto:contact@iuriecojocaru.com\">contact@iuriecojocaru.com<\/a><br \/><\/span><\/p><p class=\"p1\" style=\"color: #5c5c5c;\"><b>Iurie Cojocaru <\/b>Telefon: 0040745-106-816<\/p>\n<div class=\"wpcf7 no-js\" id=\"wpcf7-f761-o1\" lang=\"ro-RO\" dir=\"ltr\" data-wpcf7-id=\"761\">\n<div class=\"screen-reader-response\"><p role=\"status\" aria-live=\"polite\" aria-atomic=\"true\"><\/p> <ul><\/ul><\/div>\n<form action=\"\/artist\/wp-json\/wp\/v2\/pages\/13#wpcf7-f761-o1\" method=\"post\" class=\"wpcf7-form init\" aria-label=\"Formular de contact\" novalidate=\"novalidate\" data-status=\"init\">\n<fieldset class=\"hidden-fields-container\"><input type=\"hidden\" name=\"_wpcf7\" value=\"761\" \/><input type=\"hidden\" name=\"_wpcf7_version\" value=\"6.1\" \/><input type=\"hidden\" name=\"_wpcf7_locale\" value=\"ro_RO\" \/><input type=\"hidden\" name=\"_wpcf7_unit_tag\" value=\"wpcf7-f761-o1\" \/><input type=\"hidden\" name=\"_wpcf7_container_post\" value=\"0\" \/><input type=\"hidden\" name=\"_wpcf7_posted_data_hash\" value=\"\" \/><input type=\"hidden\" name=\"_wpcf7_recaptcha_response\" value=\"\" \/>\n<\/fieldset>\n<p><label> Numele t\u0103u (obligatoriu) <span class=\"wpcf7-form-control-wrap\" data-name=\"your-name\"><input size=\"40\" maxlength=\"400\" class=\"wpcf7-form-control wpcf7-text wpcf7-validates-as-required\" aria-required=\"true\" aria-invalid=\"false\" value=\"\" type=\"text\" name=\"your-name\" \/><\/span> <\/label>\n<\/p>\n<p><label> Emailul t\u0103u (obligatoriu)<br \/>\n<span class=\"wpcf7-form-control-wrap\" data-name=\"your-email\"><input size=\"40\" maxlength=\"400\" class=\"wpcf7-form-control wpcf7-email wpcf7-validates-as-required wpcf7-text wpcf7-validates-as-email\" aria-required=\"true\" aria-invalid=\"false\" value=\"\" type=\"email\" name=\"your-email\" \/><\/span> <\/label>\n<\/p>\n<p><label> Subiect<br \/>\n<span class=\"wpcf7-form-control-wrap\" data-name=\"your-subject\"><input size=\"40\" maxlength=\"400\" class=\"wpcf7-form-control wpcf7-text\" aria-invalid=\"false\" value=\"\" type=\"text\" name=\"your-subject\" \/><\/span> <\/label>\n<\/p>\n<p><label> Mesajul t\u0103u<br \/>\n<span class=\"wpcf7-form-control-wrap\" data-name=\"your-message\"><textarea cols=\"40\" rows=\"10\" maxlength=\"2000\" class=\"wpcf7-form-control wpcf7-textarea\" aria-invalid=\"false\" name=\"your-message\"><\/textarea><\/span> <\/label>\n<\/p>\n<p><input class=\"wpcf7-form-control wpcf7-submit has-spinner\" type=\"submit\" value=\"Trimite\" \/>\n<\/p><div class=\"wpcf7-response-output\" aria-hidden=\"true\"><\/div>\n<\/form>\n<\/div>\n\t\t\t\t\t\t\t\t<\/div>\n\t\t\t\t<\/div>\n\t\t\t\t\t<\/div>\n\t\t<\/div>\n\t\t\t\t\t<\/div>\n\t\t<\/section>\n\t\t\t\t<\/div>\n\t\t","protected":false},"excerpt":{"rendered":"<p>Iurie Cojocaru &#8211; atelier &#8220;Pictura nu este doar o profesie, ci o c\u0103l\u0103torie spiritual\u0103, o form\u0103 de terapie care m\u0103 poart\u0103 spre ceva mai \u00eenalt, ca \u0219i cum a\u0219 avea mereu un picior \u00een rai. Atelierul devine un sanctuar \u00een care culorile, formele \u0219i sunetele se \u00eempletesc \u00eentr-un dialog t\u0103cut cu divinitatea. Muzica este firul [&hellip;]<\/p>\n","protected":false},"author":2,"featured_media":0,"parent":0,"menu_order":0,"comment_status":"closed","ping_status":"closed","template":"elementor_header_footer","meta":{"footnotes":""},"class_list":["post-13","page","type-page","status-publish","hentry"],"yoast_head":"<!-- This site is optimized with the Yoast SEO plugin v25.4 - https:\/\/yoast.com\/wordpress\/plugins\/seo\/ -->\n<title>CONTACT - Iurie Cojocaru, artist plastic<\/title>\n<meta name=\"description\" content=\"Iurie Cojocaru, artist plastic contemporan, pictor roman lucreaza cu teme crestine in domeniul artelor plastice.\" \/>\n<meta name=\"robots\" content=\"index, follow, max-snippet:-1, max-image-preview:large, max-video-preview:-1\" \/>\n<link rel=\"canonical\" href=\"https:\/\/iuriecojocaru.com\/artist\/contact\/\" \/>\n<meta property=\"og:locale\" content=\"ro_RO\" \/>\n<meta property=\"og:type\" content=\"article\" \/>\n<meta property=\"og:title\" content=\"CONTACT - Iurie Cojocaru, artist plastic\" \/>\n<meta property=\"og:description\" content=\"Iurie Cojocaru, artist plastic contemporan, pictor roman lucreaza cu teme crestine in domeniul artelor plastice.\" \/>\n<meta property=\"og:url\" content=\"https:\/\/iuriecojocaru.com\/artist\/contact\/\" \/>\n<meta property=\"og:site_name\" content=\"Iurie Cojocaru, artist plastic\" \/>\n<meta property=\"article:modified_time\" content=\"2025-03-13T09:07:00+00:00\" \/>\n<meta property=\"og:image\" content=\"https:\/\/iuriecojocaru.com\/artist\/wp-content\/uploads\/2025\/03\/iuriecojocaru-artist-plastic-atelier.webp\" \/>\n\t<meta property=\"og:image:width\" content=\"1920\" \/>\n\t<meta property=\"og:image:height\" content=\"1280\" \/>\n\t<meta property=\"og:image:type\" content=\"image\/webp\" \/>\n<meta name=\"twitter:card\" content=\"summary_large_image\" \/>\n<meta name=\"twitter:label1\" content=\"Timp estimat pentru citire\" \/>\n\t<meta name=\"twitter:data1\" content=\"2 minute\" \/>\n<script type=\"application\/ld+json\" class=\"yoast-schema-graph\">{\"@context\":\"https:\/\/schema.org\",\"@graph\":[{\"@type\":\"WebPage\",\"@id\":\"https:\/\/iuriecojocaru.com\/artist\/contact\/\",\"url\":\"https:\/\/iuriecojocaru.com\/artist\/contact\/\",\"name\":\"CONTACT - Iurie Cojocaru, artist plastic\",\"isPartOf\":{\"@id\":\"https:\/\/iuriecojocaru.com\/artist\/#website\"},\"primaryImageOfPage\":{\"@id\":\"https:\/\/iuriecojocaru.com\/artist\/contact\/#primaryimage\"},\"image\":{\"@id\":\"https:\/\/iuriecojocaru.com\/artist\/contact\/#primaryimage\"},\"thumbnailUrl\":\"https:\/\/iuriecojocaru.com\/artist\/wp-content\/uploads\/2025\/03\/iuriecojocaru-artist-plastic-atelier-768x512.webp\",\"datePublished\":\"2014-12-16T17:58:44+00:00\",\"dateModified\":\"2025-03-13T09:07:00+00:00\",\"description\":\"Iurie Cojocaru, artist plastic contemporan, pictor roman lucreaza cu teme crestine in domeniul artelor plastice.\",\"breadcrumb\":{\"@id\":\"https:\/\/iuriecojocaru.com\/artist\/contact\/#breadcrumb\"},\"inLanguage\":\"ro-RO\",\"potentialAction\":[{\"@type\":\"ReadAction\",\"target\":[\"https:\/\/iuriecojocaru.com\/artist\/contact\/\"]}]},{\"@type\":\"ImageObject\",\"inLanguage\":\"ro-RO\",\"@id\":\"https:\/\/iuriecojocaru.com\/artist\/contact\/#primaryimage\",\"url\":\"https:\/\/iuriecojocaru.com\/artist\/wp-content\/uploads\/2025\/03\/iuriecojocaru-artist-plastic-atelier.webp\",\"contentUrl\":\"https:\/\/iuriecojocaru.com\/artist\/wp-content\/uploads\/2025\/03\/iuriecojocaru-artist-plastic-atelier.webp\",\"width\":1920,\"height\":1280,\"caption\":\"Iurie Cojocaru - atelier\"},{\"@type\":\"BreadcrumbList\",\"@id\":\"https:\/\/iuriecojocaru.com\/artist\/contact\/#breadcrumb\",\"itemListElement\":[{\"@type\":\"ListItem\",\"position\":1,\"name\":\"Prima pagin\u0103\",\"item\":\"https:\/\/iuriecojocaru.com\/artist\/\"},{\"@type\":\"ListItem\",\"position\":2,\"name\":\"CONTACT\"}]},{\"@type\":\"WebSite\",\"@id\":\"https:\/\/iuriecojocaru.com\/artist\/#website\",\"url\":\"https:\/\/iuriecojocaru.com\/artist\/\",\"name\":\"Iurie Cojocaru, artist plastic\",\"description\":\"Pictez ceea ce sunt, ce simt, ce cred.\",\"potentialAction\":[{\"@type\":\"SearchAction\",\"target\":{\"@type\":\"EntryPoint\",\"urlTemplate\":\"https:\/\/iuriecojocaru.com\/artist\/?s={search_term_string}\"},\"query-input\":{\"@type\":\"PropertyValueSpecification\",\"valueRequired\":true,\"valueName\":\"search_term_string\"}}],\"inLanguage\":\"ro-RO\"}]}<\/script>\n<!-- \/ Yoast SEO plugin. -->","yoast_head_json":{"title":"CONTACT - Iurie Cojocaru, artist plastic","description":"Iurie Cojocaru, artist plastic contemporan, pictor roman lucreaza cu teme crestine in domeniul artelor plastice.","robots":{"index":"index","follow":"follow","max-snippet":"max-snippet:-1","max-image-preview":"max-image-preview:large","max-video-preview":"max-video-preview:-1"},"canonical":"https:\/\/iuriecojocaru.com\/artist\/contact\/","og_locale":"ro_RO","og_type":"article","og_title":"CONTACT - Iurie Cojocaru, artist plastic","og_description":"Iurie Cojocaru, artist plastic contemporan, pictor roman lucreaza cu teme crestine in domeniul artelor plastice.","og_url":"https:\/\/iuriecojocaru.com\/artist\/contact\/","og_site_name":"Iurie Cojocaru, artist plastic","article_modified_time":"2025-03-13T09:07:00+00:00","og_image":[{"width":1920,"height":1280,"url":"https:\/\/iuriecojocaru.com\/artist\/wp-content\/uploads\/2025\/03\/iuriecojocaru-artist-plastic-atelier.webp","type":"image\/webp"}],"twitter_card":"summary_large_image","twitter_misc":{"Timp estimat pentru citire":"2 minute"},"schema":{"@context":"https:\/\/schema.org","@graph":[{"@type":"WebPage","@id":"https:\/\/iuriecojocaru.com\/artist\/contact\/","url":"https:\/\/iuriecojocaru.com\/artist\/contact\/","name":"CONTACT - Iurie Cojocaru, artist plastic","isPartOf":{"@id":"https:\/\/iuriecojocaru.com\/artist\/#website"},"primaryImageOfPage":{"@id":"https:\/\/iuriecojocaru.com\/artist\/contact\/#primaryimage"},"image":{"@id":"https:\/\/iuriecojocaru.com\/artist\/contact\/#primaryimage"},"thumbnailUrl":"https:\/\/iuriecojocaru.com\/artist\/wp-content\/uploads\/2025\/03\/iuriecojocaru-artist-plastic-atelier-768x512.webp","datePublished":"2014-12-16T17:58:44+00:00","dateModified":"2025-03-13T09:07:00+00:00","description":"Iurie Cojocaru, artist plastic contemporan, pictor roman lucreaza cu teme crestine in domeniul artelor plastice.","breadcrumb":{"@id":"https:\/\/iuriecojocaru.com\/artist\/contact\/#breadcrumb"},"inLanguage":"ro-RO","potentialAction":[{"@type":"ReadAction","target":["https:\/\/iuriecojocaru.com\/artist\/contact\/"]}]},{"@type":"ImageObject","inLanguage":"ro-RO","@id":"https:\/\/iuriecojocaru.com\/artist\/contact\/#primaryimage","url":"https:\/\/iuriecojocaru.com\/artist\/wp-content\/uploads\/2025\/03\/iuriecojocaru-artist-plastic-atelier.webp","contentUrl":"https:\/\/iuriecojocaru.com\/artist\/wp-content\/uploads\/2025\/03\/iuriecojocaru-artist-plastic-atelier.webp","width":1920,"height":1280,"caption":"Iurie Cojocaru - atelier"},{"@type":"BreadcrumbList","@id":"https:\/\/iuriecojocaru.com\/artist\/contact\/#breadcrumb","itemListElement":[{"@type":"ListItem","position":1,"name":"Prima pagin\u0103","item":"https:\/\/iuriecojocaru.com\/artist\/"},{"@type":"ListItem","position":2,"name":"CONTACT"}]},{"@type":"WebSite","@id":"https:\/\/iuriecojocaru.com\/artist\/#website","url":"https:\/\/iuriecojocaru.com\/artist\/","name":"Iurie Cojocaru, artist plastic","description":"Pictez ceea ce sunt, ce simt, ce cred.","potentialAction":[{"@type":"SearchAction","target":{"@type":"EntryPoint","urlTemplate":"https:\/\/iuriecojocaru.com\/artist\/?s={search_term_string}"},"query-input":{"@type":"PropertyValueSpecification","valueRequired":true,"valueName":"search_term_string"}}],"inLanguage":"ro-RO"}]}},"_links":{"self":[{"href":"https:\/\/iuriecojocaru.com\/artist\/wp-json\/wp\/v2\/pages\/13","targetHints":{"allow":["GET"]}}],"collection":[{"href":"https:\/\/iuriecojocaru.com\/artist\/wp-json\/wp\/v2\/pages"}],"about":[{"href":"https:\/\/iuriecojocaru.com\/artist\/wp-json\/wp\/v2\/types\/page"}],"author":[{"embeddable":true,"href":"https:\/\/iuriecojocaru.com\/artist\/wp-json\/wp\/v2\/users\/2"}],"replies":[{"embeddable":true,"href":"https:\/\/iuriecojocaru.com\/artist\/wp-json\/wp\/v2\/comments?post=13"}],"version-history":[{"count":103,"href":"https:\/\/iuriecojocaru.com\/artist\/wp-json\/wp\/v2\/pages\/13\/revisions"}],"predecessor-version":[{"id":3294,"href":"https:\/\/iuriecojocaru.com\/artist\/wp-json\/wp\/v2\/pages\/13\/revisions\/3294"}],"wp:attachment":[{"href":"https:\/\/iuriecojocaru.com\/artist\/wp-json\/wp\/v2\/media?parent=13"}],"curies":[{"name":"wp","href":"https:\/\/api.w.org\/{rel}","templated":true}]}}